{"id":2621,"date":"2024-12-04T09:48:12","date_gmt":"2024-12-04T09:48:12","guid":{"rendered":"https:\/\/2easygroup.hr\/?page_id=2621"},"modified":"2024-12-04T12:25:50","modified_gmt":"2024-12-04T12:25:50","slug":"lasersko-rezanje","status":"publish","type":"page","link":"https:\/\/2easygroup.hr\/en\/lasersko-rezanje\/","title":{"rendered":"LASER CUTTING"},"content":{"rendered":"\t\t<div data-elementor-type=\"wp-page\" data-elementor-id=\"2621\" class=\"elementor elementor-2621\">\n\t\t\t\t<div class=\"elementor-element elementor-element-807fcd4 e-flex e-con-boxed e-con e-parent\" data-id=\"807fcd4\" data-element_type=\"container\" data-e-type=\"container\">\n\t\t\t\t\t<div class=\"e-con-inner\">\n\t\t\t\t<div class=\"elementor-element elementor-element-df37d3b elementor-invisible elementor-widget elementor-widget-heading\" data-id=\"df37d3b\" data-element_type=\"widget\" data-e-type=\"widget\" data-settings=\"{&quot;_animation&quot;:&quot;fadeInUp&quot;}\" data-widget_type=\"heading.default\">\n\t\t\t\t<div class=\"elementor-widget-container\">\n\t\t\t\t\t<h2 class=\"elementor-heading-title elementor-size-default\">Lasersko rezanje metala<\/h2>\t\t\t\t<\/div>\n\t\t\t\t<\/div>\n\t\t\t\t\t<\/div>\n\t\t\t\t<\/div>\n\t\t<div class=\"elementor-element elementor-element-d36912c e-flex e-con-boxed e-con e-parent\" data-id=\"d36912c\" data-element_type=\"container\" data-e-type=\"container\">\n\t\t\t\t\t<div class=\"e-con-inner\">\n\t\t\t\t<div class=\"elementor-element elementor-element-5f24f64 elementor-invisible elementor-widget elementor-widget-video\" data-id=\"5f24f64\" data-element_type=\"widget\" data-e-type=\"widget\" data-settings=\"{&quot;video_type&quot;:&quot;hosted&quot;,&quot;_animation&quot;:&quot;fadeInUp&quot;,&quot;controls&quot;:&quot;yes&quot;}\" data-widget_type=\"video.default\">\n\t\t\t\t<div class=\"elementor-widget-container\">\n\t\t\t\t\t\t\t<div class=\"e-hosted-video elementor-wrapper elementor-open-inline\">\n\t\t\t\t\t<video class=\"elementor-video\" src=\"https:\/\/2easygroup.hr\/wp-content\/uploads\/2024\/12\/WhatsApp-Videozapis-2024-04-22-u-08.17.40_f58a42de.mp4\" controls=\"\" preload=\"auto\" controlsList=\"nodownload\"><\/video>\n\t\t\t\t<\/div>\n\t\t\t\t\t\t<\/div>\n\t\t\t\t<\/div>\n\t\t\t\t\t<\/div>\n\t\t\t\t<\/div>\n\t\t<div class=\"elementor-element elementor-element-8d8c142 e-flex e-con-boxed e-con e-parent\" data-id=\"8d8c142\" data-element_type=\"container\" data-e-type=\"container\">\n\t\t\t\t\t<div class=\"e-con-inner\">\n\t\t\t\t<div class=\"elementor-element elementor-element-964b59b elementor-invisible elementor-widget elementor-widget-video\" data-id=\"964b59b\" data-element_type=\"widget\" data-e-type=\"widget\" data-settings=\"{&quot;video_type&quot;:&quot;hosted&quot;,&quot;_animation&quot;:&quot;fadeInUp&quot;,&quot;controls&quot;:&quot;yes&quot;}\" data-widget_type=\"video.default\">\n\t\t\t\t<div class=\"elementor-widget-container\">\n\t\t\t\t\t\t\t<div class=\"e-hosted-video elementor-wrapper elementor-open-inline\">\n\t\t\t\t\t<video class=\"elementor-video\" src=\"https:\/\/2easygroup.hr\/wp-content\/uploads\/2024\/12\/VID-20240328-WA0002.mp4\" controls=\"\" preload=\"auto\" controlsList=\"nodownload\"><\/video>\n\t\t\t\t<\/div>\n\t\t\t\t\t\t<\/div>\n\t\t\t\t<\/div>\n\t\t\t\t\t<\/div>\n\t\t\t\t<\/div>\n\t\t<div class=\"elementor-element elementor-element-830a10c e-flex e-con-boxed e-con e-parent\" data-id=\"830a10c\" data-element_type=\"container\" data-e-type=\"container\">\n\t\t\t\t\t<div class=\"e-con-inner\">\n\t\t\t\t<div class=\"elementor-element elementor-element-8bb9869 elementor-invisible elementor-widget elementor-widget-video\" data-id=\"8bb9869\" data-element_type=\"widget\" data-e-type=\"widget\" data-settings=\"{&quot;video_type&quot;:&quot;hosted&quot;,&quot;_animation&quot;:&quot;fadeInUp&quot;,&quot;controls&quot;:&quot;yes&quot;}\" data-widget_type=\"video.default\">\n\t\t\t\t<div class=\"elementor-widget-container\">\n\t\t\t\t\t\t\t<div class=\"e-hosted-video elementor-wrapper elementor-open-inline\">\n\t\t\t\t\t<video class=\"elementor-video\" src=\"https:\/\/2easygroup.hr\/wp-content\/uploads\/2024\/12\/WhatsApp-Videozapis-2024-03-28-u-13.28.41_98b5c4e9.mp4\" controls=\"\" preload=\"auto\" controlsList=\"nodownload\"><\/video>\n\t\t\t\t<\/div>\n\t\t\t\t\t\t<\/div>\n\t\t\t\t<\/div>\n\t\t\t\t\t<\/div>\n\t\t\t\t<\/div>\n\t\t<div class=\"elementor-element elementor-element-ef41bbc e-flex e-con-boxed e-con e-parent\" data-id=\"ef41bbc\" data-element_type=\"container\" data-e-type=\"container\">\n\t\t\t\t\t<div class=\"e-con-inner\">\n\t\t\t\t<div class=\"elementor-element elementor-element-5f90ef8 elementor-widget elementor-widget-spacer\" data-id=\"5f90ef8\" data-element_type=\"widget\" data-e-type=\"widget\" data-widget_type=\"spacer.default\">\n\t\t\t\t<div class=\"elementor-widget-container\">\n\t\t\t\t\t\t\t<div class=\"elementor-spacer\">\n\t\t\t<div class=\"elementor-spacer-inner\"><\/div>\n\t\t<\/div>\n\t\t\t\t\t\t<\/div>\n\t\t\t\t<\/div>\n\t\t\t\t\t<\/div>\n\t\t\t\t<\/div>\n\t\t<div class=\"elementor-element elementor-element-ca720fd e-flex e-con-boxed elementor-invisible e-con e-parent\" data-id=\"ca720fd\" data-element_type=\"container\" data-e-type=\"container\" data-settings=\"{&quot;animation&quot;:&quot;fadeInUp&quot;}\">\n\t\t\t\t\t<div class=\"e-con-inner\">\n\t\t\t\t<div class=\"elementor-element elementor-element-f669d5d elementor-widget elementor-widget-text-editor\" data-id=\"f669d5d\" data-element_type=\"widget\" data-e-type=\"widget\" data-widget_type=\"text-editor.default\">\n\t\t\t\t<div class=\"elementor-widget-container\">\n\t\t\t\t\t\t\t\t\t<p>Na\u0161a profesionalna usluga laserskog rezanja pru\u017ea preciznost i kvalitetu za sve va\u0161e potrebe rezanja po narud\u017ebi. Napredna laserska tehnologija osigurava \u010diste, precizne i zamr\u0161ene rezove svaki put.<\/p><p>\u00a0<\/p><p>Klju\u010dne zna\u010dajke:<br \/>&#8211; Visoka preciznost: Postignite zamr\u0161ene dizajne i uske tolerancije uz minimalan gubitak materijala.<br \/>&#8211; Svestranost materijala: Re\u017eemo \u0161irok raspon materijala, uklju\u010duju\u0107i inox, \u010delik i aluminij.<br \/>&#8211; Prilagodljivi dizajni: Od prototipova do velike proizvodnje, o\u017eivite svoje dizajne uz neograni\u010denu kreativnost.<br \/>&#8211; Glatki rubovi: Dobijte polirane rubove bez neravnina koji zahtijevaju malo ili nimalo naknadne obrade.<br \/>&#8211; Brzi obrt: prioritet nam je u\u010dinkovitost bez ugro\u017eavanja kvalitete kako bismo ispunili rokove va\u0161eg projekta.<\/p><p>\u00a0<\/p><p>Uz na\u0161u vrhunsku opremu i kvalificirane tehni\u010dare, osiguravamo iznimne rezultate skrojene prema va\u0161im zahtjevima. Bez obzira trebate li jedan komad ili veliku seriju, na\u0161a usluga laserskog rezanja spremna je za isporuku.<\/p><p><strong>Kontaktirajte nas danas za ponudu i savjetovanje o zahtjevima va\u0161eg projekta!<\/strong><\/p>\t\t\t\t\t\t\t\t<\/div>\n\t\t\t\t<\/div>\n\t\t\t\t\t<\/div>\n\t\t\t\t<\/div>\n\t\t<div class=\"elementor-element elementor-element-9e6ec5b e-flex e-con-boxed elementor-invisible e-con e-parent\" data-id=\"9e6ec5b\" data-element_type=\"container\" data-e-type=\"container\" data-settings=\"{&quot;animation&quot;:&quot;fadeInUp&quot;}\">\n\t\t\t\t\t<div class=\"e-con-inner\">\n\t\t\t\t<div class=\"elementor-element elementor-element-13639b2 elementor-widget elementor-widget-wpforms\" data-id=\"13639b2\" data-element_type=\"widget\" data-e-type=\"widget\" data-widget_type=\"wpforms.default\">\n\t\t\t\t<div class=\"elementor-widget-container\">\n\t\t\t\t\t<div class=\"wpforms-container \" id=\"wpforms-1601\"><form id=\"wpforms-form-1601\" class=\"wpforms-validate wpforms-form wpforms-ajax-form\" data-formid=\"1601\" method=\"post\" enctype=\"multipart\/form-data\" action=\"\/en\/wp-json\/wp\/v2\/pages\/2621\" data-token=\"d0ef79a766e906319b7f3acbb7049b46\" data-token-time=\"1777627258\"><noscript class=\"wpforms-error-noscript\">Please enable JavaScript in your browser to complete this form.<\/noscript><div class=\"wpforms-field-container\"><div id=\"wpforms-1601-field_0-container\" class=\"wpforms-field wpforms-field-name\" data-field-id=\"0\"><label class=\"wpforms-field-label\" for=\"wpforms-1601-field_0\">Ime i Prezime: <span class=\"wpforms-required-label\">*<\/span><\/label><input type=\"text\" id=\"wpforms-1601-field_0\" class=\"wpforms-field-large wpforms-field-required\" name=\"wpforms[fields][0]\" required><\/div><div id=\"wpforms-1601-field_3-container\" class=\"wpforms-field wpforms-field-number\" data-field-id=\"3\"><label class=\"wpforms-field-label\" for=\"wpforms-1601-field_3\">Broj telefona:<\/label><input type=\"number\" id=\"wpforms-1601-field_3\" class=\"wpforms-field-large\" name=\"wpforms[fields][3]\" step=\"any\" ><\/div><div id=\"wpforms-1601-field_1-container\" class=\"wpforms-field wpforms-field-email\" data-field-id=\"1\"><label class=\"wpforms-field-label\" for=\"wpforms-1601-field_1\">Email: <span class=\"wpforms-required-label\">*<\/span><\/label><input type=\"email\" id=\"wpforms-1601-field_1\" class=\"wpforms-field-large wpforms-field-required\" name=\"wpforms[fields][1]\" spellcheck=\"false\" required><\/div><div id=\"wpforms-1601-field_4-container\" class=\"wpforms-field wpforms-field-text\" data-field-id=\"4\"><label class=\"wpforms-field-label\" for=\"wpforms-1601-field_4\">Naslov:<\/label><input type=\"text\" id=\"wpforms-1601-field_4\" class=\"wpforms-field-large\" name=\"wpforms[fields][4]\" ><\/div><div id=\"wpforms-1601-field_2-container\" class=\"wpforms-field wpforms-field-textarea\" data-field-id=\"2\"><label class=\"wpforms-field-label\" for=\"wpforms-1601-field_2\">Poruka:<\/label><textarea id=\"wpforms-1601-field_2\" class=\"wpforms-field-medium\" name=\"wpforms[fields][2]\" ><\/textarea><\/div><\/div><!-- .wpforms-field-container --><div class=\"wpforms-submit-container\" ><input type=\"hidden\" name=\"wpforms[id]\" value=\"1601\"><input type=\"hidden\" name=\"page_title\" value=\"\"><input type=\"hidden\" name=\"page_url\" value=\"https:\/\/2easygroup.hr\/en\/wp-json\/wp\/v2\/pages\/2621\"><input type=\"hidden\" name=\"url_referer\" value=\"\"><button type=\"submit\" name=\"wpforms[submit]\" id=\"wpforms-submit-1601\" class=\"wpforms-submit posalji\" data-alt-text=\"Sending...\" data-submit-text=\"PO\u0160ALJI\" aria-live=\"assertive\" value=\"wpforms-submit\">PO\u0160ALJI<\/button><img decoding=\"async\" src=\"https:\/\/2easygroup.hr\/wp-content\/plugins\/wpforms-lite\/assets\/images\/submit-spin.svg\" class=\"wpforms-submit-spinner\" style=\"display: none;\" width=\"26\" height=\"26\" alt=\"Loading\"><\/div><\/form><\/div>  <!-- .wpforms-container -->\t\t\t\t<\/div>\n\t\t\t\t<\/div>\n\t\t\t\t\t<\/div>\n\t\t\t\t<\/div>\n\t\t\t\t<\/div>\n\t\t","protected":false},"excerpt":{"rendered":"<p>Lasersko rezanje metala https:\/\/2easygroup.hr\/wp-content\/uploads\/2024\/12\/WhatsApp-Videozapis-2024-04-22-u-08.17.40_f58a42de.mp4https:\/\/2easygroup.hr\/wp-content\/uploads\/2024\/12\/VID-20240328-WA0002.mp4https:\/\/2easygroup.hr\/wp-content\/uploads\/2024\/12\/WhatsApp-Videozapis-2024-03-28-u-13.28.41_98b5c4e9.mp4 Na\u0161a profesionalna usluga laserskog rezanja pru\u017ea preciznost i kvalitetu za sve va\u0161e potrebe rezanja po narud\u017ebi. Napredna laserska tehnologija osigurava \u010diste, precizne i zamr\u0161ene rezove svaki put. \u00a0 Klju\u010dne zna\u010dajke:&#8211; Visoka preciznost: Postignite zamr\u0161ene dizajne i uske tolerancije uz minimalan gubitak materijala.&#8211; Svestranost materijala: Re\u017eemo \u0161irok raspon materijala, uklju\u010duju\u0107i inox, \u010delik [&hellip;]<\/p>\n","protected":false},"author":1,"featured_media":0,"parent":0,"menu_order":0,"comment_status":"closed","ping_status":"closed","template":"","meta":{"site-sidebar-layout":"no-sidebar","site-content-layout":"page-builder","ast-site-content-layout":"full-width-container","site-content-style":"default","site-sidebar-style":"default","ast-global-header-display":"","ast-banner-title-visibility":"","ast-main-header-display":"","ast-hfb-above-header-display":"","ast-hfb-below-header-display":"","ast-hfb-mobile-header-display":"","site-post-title":"disabled","ast-breadcrumbs-content":"","ast-featured-img":"disabled","footer-sml-layout":"","ast-disable-related-posts":"","theme-transparent-header-meta":"","adv-header-id-meta":"","stick-header-meta":"","header-above-stick-meta":"","header-main-stick-meta":"","header-below-stick-meta":"","astra-migrate-meta-layouts":"set","ast-page-background-enabled":"default","ast-page-background-meta":{"desktop":{"background-color":"","background-image":"","background-repeat":"repeat","background-position":"center center","background-size":"auto","background-attachment":"scroll","background-type":"","background-media":"","overlay-type":"","overlay-color":"","overlay-opacity":"","overlay-gradient":""},"tablet":{"background-color":"","background-image":"","background-repeat":"repeat","background-position":"center center","background-size":"auto","background-attachment":"scroll","background-type":"","background-media":"","overlay-type":"","overlay-color":"","overlay-opacity":"","overlay-gradient":""},"mobile":{"background-color":"","background-image":"","background-repeat":"repeat","background-position":"center center","background-size":"auto","background-attachment":"scroll","background-type":"","background-media":"","overlay-type":"","overlay-color":"","overlay-opacity":"","overlay-gradient":""}},"ast-content-background-meta":{"desktop":{"background-color":"var(--ast-global-color-5)","background-image":"","background-repeat":"repeat","background-position":"center center","background-size":"auto","background-attachment":"scroll","background-type":"","background-media":"","overlay-type":"","overlay-color":"","overlay-opacity":"","overlay-gradient":""},"tablet":{"background-color":"var(--ast-global-color-5)","background-image":"","background-repeat":"repeat","background-position":"center center","background-size":"auto","background-attachment":"scroll","background-type":"","background-media":"","overlay-type":"","overlay-color":"","overlay-opacity":"","overlay-gradient":""},"mobile":{"background-color":"var(--ast-global-color-5)","background-image":"","background-repeat":"repeat","background-position":"center center","background-size":"auto","background-attachment":"scroll","background-type":"","background-media":"","overlay-type":"","overlay-color":"","overlay-opacity":"","overlay-gradient":""}},"footnotes":""},"class_list":["post-2621","page","type-page","status-publish","hentry"],"_links":{"self":[{"href":"https:\/\/2easygroup.hr\/en\/wp-json\/wp\/v2\/pages\/2621","targetHints":{"allow":["GET"]}}],"collection":[{"href":"https:\/\/2easygroup.hr\/en\/wp-json\/wp\/v2\/pages"}],"about":[{"href":"https:\/\/2easygroup.hr\/en\/wp-json\/wp\/v2\/types\/page"}],"author":[{"embeddable":true,"href":"https:\/\/2easygroup.hr\/en\/wp-json\/wp\/v2\/users\/1"}],"replies":[{"embeddable":true,"href":"https:\/\/2easygroup.hr\/en\/wp-json\/wp\/v2\/comments?post=2621"}],"version-history":[{"count":13,"href":"https:\/\/2easygroup.hr\/en\/wp-json\/wp\/v2\/pages\/2621\/revisions"}],"predecessor-version":[{"id":2647,"href":"https:\/\/2easygroup.hr\/en\/wp-json\/wp\/v2\/pages\/2621\/revisions\/2647"}],"wp:attachment":[{"href":"https:\/\/2easygroup.hr\/en\/wp-json\/wp\/v2\/media?parent=2621"}],"curies":[{"name":"wp","href":"https:\/\/api.w.org\/{rel}","templated":true}]}}